{"id":1318,"date":"2021-11-21T15:12:46","date_gmt":"2021-11-21T15:12:46","guid":{"rendered":"http:\/\/strategiaajaseikkailua.fi\/?page_id=1318"},"modified":"2023-03-13T23:14:37","modified_gmt":"2023-03-13T21:14:37","slug":"home","status":"publish","type":"page","link":"https:\/\/strategiaajaseikkailua.fi\/","title":{"rendered":"Koti"},"content":{"rendered":"\t\t<div data-elementor-type=\"wp-page\" data-elementor-id=\"1318\" class=\"elementor elementor-1318\">\n\t\t\t\t\t\t<section class=\"elementor-section elementor-top-section elementor-element elementor-element-ca7541c elementor-section-height-min-height elementor-section-boxed elementor-section-height-default elementor-section-items-middle\" data-id=\"ca7541c\" data-element_type=\"section\" data-e-type=\"section\" data-settings=\"{&quot;background_background&quot;:&quot;classic&quot;}\">\n\t\t\t\t\t\t\t<div class=\"elementor-background-overlay\"><\/div>\n\t\t\t\t\t\t\t<div class=\"elementor-container elementor-column-gap-default\">\n\t\t\t\t\t<div class=\"elementor-column elementor-col-100 elementor-top-column elementor-element elementor-element-be10890\" data-id=\"be10890\" data-element_type=\"column\" data-e-type=\"column\">\n\t\t\t<div class=\"elementor-widget-wrap elementor-element-populated\">\n\t\t\t\t\t\t<div class=\"elementor-element elementor-element-0708f7f elementor-widget elementor-widget-heading\" data-id=\"0708f7f\" data-element_type=\"widget\" data-e-type=\"widget\" data-widget_type=\"heading.default\">\n\t\t\t\t<div class=\"elementor-widget-container\">\n\t\t\t\t\t<h1 class=\"elementor-heading-title elementor-size-default\">Strategiaa ja seikkailua\u2122<\/h1>\t\t\t\t<\/div>\n\t\t\t\t<\/div>\n\t\t\t\t<div class=\"elementor-element elementor-element-02500f6 elementor-widget elementor-widget-heading\" data-id=\"02500f6\" data-element_type=\"widget\" data-e-type=\"widget\" data-widget_type=\"heading.default\">\n\t\t\t\t<div class=\"elementor-widget-container\">\n\t\t\t\t\t<h1 class=\"elementor-heading-title elementor-size-default\">Kehitt\u00e4misp\u00e4ivien kuningas<\/h1>\t\t\t\t<\/div>\n\t\t\t\t<\/div>\n\t\t\t\t<div class=\"elementor-element elementor-element-ffe4386 elementor-widget elementor-widget-text-editor\" data-id=\"ffe4386\" data-element_type=\"widget\" data-e-type=\"widget\" data-widget_type=\"text-editor.default\">\n\t\t\t\t<div class=\"elementor-widget-container\">\n\t\t\t\t\t\t\t\t\t<p>Liiketoiminnan kehitt\u00e4minen ja<\/p><p>energisoivien sek\u00e4 el\u00e4myksellisten aktiviteettien yhdist\u00e4minen<\/p><p>vie johtoryhm\u00e4n kehitt\u00e4misp\u00e4iv\u00e4n aivan uudelle tasolle.<\/p>\t\t\t\t\t\t\t\t<\/div>\n\t\t\t\t<\/div>\n\t\t\t\t\t<\/div>\n\t\t<\/div>\n\t\t\t\t\t<\/div>\n\t\t<\/section>\n\t\t\t\t<section class=\"elementor-section elementor-top-section elementor-element elementor-element-7701125 elementor-section-boxed elementor-section-height-default elementor-section-height-default\" data-id=\"7701125\" data-element_type=\"section\" data-e-type=\"section\">\n\t\t\t\t\t\t<div class=\"elementor-container elementor-column-gap-default\">\n\t\t\t\t\t<div class=\"elementor-column elementor-col-100 elementor-top-column elementor-element elementor-element-9ad04ba\" data-id=\"9ad04ba\" data-element_type=\"column\" data-e-type=\"column\">\n\t\t\t<div class=\"elementor-widget-wrap elementor-element-populated\">\n\t\t\t\t\t\t<div class=\"elementor-element elementor-element-13ae7bf elementor-widget elementor-widget-heading\" data-id=\"13ae7bf\" data-element_type=\"widget\" data-e-type=\"widget\" data-widget_type=\"heading.default\">\n\t\t\t\t<div class=\"elementor-widget-container\">\n\t\t\t\t\t<h2 class=\"elementor-heading-title elementor-size-default\">Mist\u00e4 on kysymys?<\/h2>\t\t\t\t<\/div>\n\t\t\t\t<\/div>\n\t\t\t\t<div class=\"elementor-element elementor-element-9c7221f elementor-widget-divider--view-line elementor-widget elementor-widget-divider\" data-id=\"9c7221f\" data-element_type=\"widget\" data-e-type=\"widget\" data-widget_type=\"divider.default\">\n\t\t\t\t<div class=\"elementor-widget-container\">\n\t\t\t\t\t\t\t<div class=\"elementor-divider\">\n\t\t\t<span class=\"elementor-divider-separator\">\n\t\t\t\t\t\t<\/span>\n\t\t<\/div>\n\t\t\t\t\t\t<\/div>\n\t\t\t\t<\/div>\n\t\t\t\t<section class=\"elementor-section elementor-inner-section elementor-element elementor-element-ef970f2 elementor-section-full_width elementor-section-height-default elementor-section-height-default\" data-id=\"ef970f2\" data-element_type=\"section\" data-e-type=\"section\">\n\t\t\t\t\t\t<div class=\"elementor-container elementor-column-gap-default\">\n\t\t\t\t\t<div class=\"elementor-column elementor-col-33 elementor-inner-column elementor-element elementor-element-fd27b31\" data-id=\"fd27b31\" data-element_type=\"column\" data-e-type=\"column\">\n\t\t\t<div class=\"elementor-widget-wrap elementor-element-populated\">\n\t\t\t\t\t\t<div class=\"elementor-element elementor-element-bff2ac9 elementor-widget elementor-widget-image\" data-id=\"bff2ac9\" data-element_type=\"widget\" data-e-type=\"widget\" data-widget_type=\"image.default\">\n\t\t\t\t<div class=\"elementor-widget-container\">\n\t\t\t\t\t\t\t\t\t\t\t\t\t\t\t<img fetchpriority=\"high\" decoding=\"async\" width=\"370\" height=\"493\" src=\"https:\/\/strategiaajaseikkailua.fi\/wp-content\/uploads\/2023\/03\/strategiaa_anna_vaihinen.jpeg\" class=\"attachment-full size-full wp-image-1369\" alt=\"\" srcset=\"https:\/\/strategiaajaseikkailua.fi\/wp-content\/uploads\/2023\/03\/strategiaa_anna_vaihinen.jpeg 370w, https:\/\/strategiaajaseikkailua.fi\/wp-content\/uploads\/2023\/03\/strategiaa_anna_vaihinen-225x300.jpeg 225w\" sizes=\"(max-width: 370px) 100vw, 370px\" \/>\t\t\t\t\t\t\t\t\t\t\t\t\t\t\t<\/div>\n\t\t\t\t<\/div>\n\t\t\t\t<div class=\"elementor-element elementor-element-54a2f8d elementor-widget elementor-widget-image-box\" data-id=\"54a2f8d\" data-element_type=\"widget\" data-e-type=\"widget\" data-widget_type=\"image-box.default\">\n\t\t\t\t<div class=\"elementor-widget-container\">\n\t\t\t\t\t<div class=\"elementor-image-box-wrapper\"><div class=\"elementor-image-box-content\"><h3 class=\"elementor-image-box-title\">Strategiaa<\/h3><p class=\"elementor-image-box-description\">Anna alustaa teid\u00e4t p\u00e4iv\u00e4n teemaan ja opastaa teid\u00e4t ep\u00e4mukavuusalueille uutta oppimaan. <\/p><\/div><\/div>\t\t\t\t<\/div>\n\t\t\t\t<\/div>\n\t\t\t\t\t<\/div>\n\t\t<\/div>\n\t\t\t\t<div class=\"elementor-column elementor-col-33 elementor-inner-column elementor-element elementor-element-e6971ee\" data-id=\"e6971ee\" data-element_type=\"column\" data-e-type=\"column\">\n\t\t\t<div class=\"elementor-widget-wrap elementor-element-populated\">\n\t\t\t\t\t\t<div class=\"elementor-element elementor-element-1e4bc45 elementor-widget elementor-widget-image\" data-id=\"1e4bc45\" data-element_type=\"widget\" data-e-type=\"widget\" data-widget_type=\"image.default\">\n\t\t\t\t<div class=\"elementor-widget-container\">\n\t\t\t\t\t\t\t\t\t\t\t\t\t\t\t<img decoding=\"async\" width=\"369\" height=\"500\" src=\"https:\/\/strategiaajaseikkailua.fi\/wp-content\/uploads\/2023\/03\/seikkailua_1.jpg\" class=\"attachment-full size-full wp-image-1368\" alt=\"\" srcset=\"https:\/\/strategiaajaseikkailua.fi\/wp-content\/uploads\/2023\/03\/seikkailua_1.jpg 369w, https:\/\/strategiaajaseikkailua.fi\/wp-content\/uploads\/2023\/03\/seikkailua_1-221x300.jpg 221w\" sizes=\"(max-width: 369px) 100vw, 369px\" \/>\t\t\t\t\t\t\t\t\t\t\t\t\t\t\t<\/div>\n\t\t\t\t<\/div>\n\t\t\t\t<div class=\"elementor-element elementor-element-f07647b elementor-widget elementor-widget-image-box\" data-id=\"f07647b\" data-element_type=\"widget\" data-e-type=\"widget\" data-widget_type=\"image-box.default\">\n\t\t\t\t<div class=\"elementor-widget-container\">\n\t\t\t\t\t<div class=\"elementor-image-box-wrapper\"><div class=\"elementor-image-box-content\"><h3 class=\"elementor-image-box-title\">Seikkailua<\/h3><p class=\"elementor-image-box-description\">Aktiviteetit tukevat saumattomasti p\u00e4iv\u00e4n teemaa ja tuo el\u00e4myksien kautta uusia puolia jokaisesta esiin. <\/p><\/div><\/div>\t\t\t\t<\/div>\n\t\t\t\t<\/div>\n\t\t\t\t\t<\/div>\n\t\t<\/div>\n\t\t\t\t<div class=\"elementor-column elementor-col-33 elementor-inner-column elementor-element elementor-element-b809155\" data-id=\"b809155\" data-element_type=\"column\" data-e-type=\"column\">\n\t\t\t<div class=\"elementor-widget-wrap elementor-element-populated\">\n\t\t\t\t\t\t<div class=\"elementor-element elementor-element-6b792a3 elementor-widget elementor-widget-image\" data-id=\"6b792a3\" data-element_type=\"widget\" data-e-type=\"widget\" data-widget_type=\"image.default\">\n\t\t\t\t<div class=\"elementor-widget-container\">\n\t\t\t\t\t\t\t\t\t\t\t\t\t\t\t<img decoding=\"async\" width=\"370\" height=\"499\" src=\"https:\/\/strategiaajaseikkailua.fi\/wp-content\/uploads\/2023\/03\/strategiaajaseikkailua_1.jpg\" class=\"attachment-full size-full wp-image-1370\" alt=\"\" srcset=\"https:\/\/strategiaajaseikkailua.fi\/wp-content\/uploads\/2023\/03\/strategiaajaseikkailua_1.jpg 370w, https:\/\/strategiaajaseikkailua.fi\/wp-content\/uploads\/2023\/03\/strategiaajaseikkailua_1-222x300.jpg 222w\" sizes=\"(max-width: 370px) 100vw, 370px\" \/>\t\t\t\t\t\t\t\t\t\t\t\t\t\t\t<\/div>\n\t\t\t\t<\/div>\n\t\t\t\t<div class=\"elementor-element elementor-element-1d1e836 elementor-widget elementor-widget-image-box\" data-id=\"1d1e836\" data-element_type=\"widget\" data-e-type=\"widget\" data-widget_type=\"image-box.default\">\n\t\t\t\t<div class=\"elementor-widget-container\">\n\t\t\t\t\t<div class=\"elementor-image-box-wrapper\"><div class=\"elementor-image-box-content\"><h3 class=\"elementor-image-box-title\">Ymp\u00e4rist\u00f6<\/h3><p class=\"elementor-image-box-description\">Luonto ja ulkoilma rauhoittaa mielen ja poistaa kiireen sek\u00e4 ter\u00e4v\u00f6itt\u00e4\u00e4 ajatukset. <\/p><\/div><\/div>\t\t\t\t<\/div>\n\t\t\t\t<\/div>\n\t\t\t\t\t<\/div>\n\t\t<\/div>\n\t\t\t\t\t<\/div>\n\t\t<\/section>\n\t\t\t\t\t<\/div>\n\t\t<\/div>\n\t\t\t\t\t<\/div>\n\t\t<\/section>\n\t\t\t\t<section class=\"elementor-section elementor-top-section elementor-element elementor-element-2d8ba58 elementor-section-boxed elementor-section-height-default elementor-section-height-default\" data-id=\"2d8ba58\" data-element_type=\"section\" data-e-type=\"section\" data-settings=\"{&quot;background_background&quot;:&quot;classic&quot;}\">\n\t\t\t\t\t\t<div class=\"elementor-container elementor-column-gap-default\">\n\t\t\t\t\t<div class=\"elementor-column elementor-col-33 elementor-top-column elementor-element elementor-element-94a6090\" data-id=\"94a6090\" data-element_type=\"column\" data-e-type=\"column\">\n\t\t\t<div class=\"elementor-widget-wrap\">\n\t\t\t\t\t\t\t<\/div>\n\t\t<\/div>\n\t\t\t\t<div class=\"elementor-column elementor-col-33 elementor-top-column elementor-element elementor-element-ba33ca0\" data-id=\"ba33ca0\" data-element_type=\"column\" data-e-type=\"column\">\n\t\t\t<div class=\"elementor-widget-wrap elementor-element-populated\">\n\t\t\t\t\t\t<div class=\"elementor-element elementor-element-f914229 elementor-widget elementor-widget-image\" data-id=\"f914229\" data-element_type=\"widget\" data-e-type=\"widget\" data-widget_type=\"image.default\">\n\t\t\t\t<div class=\"elementor-widget-container\">\n\t\t\t\t\t\t\t\t\t\t\t\t\t\t\t<img decoding=\"async\" src=\"https:\/\/strategiaajaseikkailua.fi\/wp-content\/uploads\/2021\/11\/quotes.svg\" class=\"attachment-full size-full wp-image-117\" alt=\"\" \/>\t\t\t\t\t\t\t\t\t\t\t\t\t\t\t<\/div>\n\t\t\t\t<\/div>\n\t\t\t\t<div class=\"elementor-element elementor-element-d278a40 elementor-widget elementor-widget-heading\" data-id=\"d278a40\" data-element_type=\"widget\" data-e-type=\"widget\" data-widget_type=\"heading.default\">\n\t\t\t\t<div class=\"elementor-widget-container\">\n\t\t\t\t\t<h4 class=\"elementor-heading-title elementor-size-default\">\u201cAnna ja Pasi sai rennolla otteellaan meid\u00e4nkin yrityksen ydinteamin rakentamaan tulevaisuuttamme uusin silmin v\u00e4h\u00e4n erilaisella tavalla.  Suosittelen.\u201d<\/h4>\t\t\t\t<\/div>\n\t\t\t\t<\/div>\n\t\t\t\t<div class=\"elementor-element elementor-element-4b72f5b elementor-widget elementor-widget-image\" data-id=\"4b72f5b\" data-element_type=\"widget\" data-e-type=\"widget\" data-widget_type=\"image.default\">\n\t\t\t\t<div class=\"elementor-widget-container\">\n\t\t\t\t\t\t\t\t\t\t\t\t\t\t\t<img loading=\"lazy\" decoding=\"async\" width=\"128\" height=\"128\" src=\"https:\/\/strategiaajaseikkailua.fi\/wp-content\/uploads\/2023\/03\/taija_kavalto.png\" class=\"attachment-full size-full wp-image-1378\" alt=\"\" \/>\t\t\t\t\t\t\t\t\t\t\t\t\t\t\t<\/div>\n\t\t\t\t<\/div>\n\t\t\t\t<div class=\"elementor-element elementor-element-c80bddd elementor-widget elementor-widget-text-editor\" data-id=\"c80bddd\" data-element_type=\"widget\" data-e-type=\"widget\" data-widget_type=\"text-editor.default\">\n\t\t\t\t<div class=\"elementor-widget-container\">\n\t\t\t\t\t\t\t\t\t<p>Taija Kavalto<\/p>\t\t\t\t\t\t\t\t<\/div>\n\t\t\t\t<\/div>\n\t\t\t\t\t<\/div>\n\t\t<\/div>\n\t\t\t\t<div class=\"elementor-column elementor-col-33 elementor-top-column elementor-element elementor-element-9a0a136\" data-id=\"9a0a136\" data-element_type=\"column\" data-e-type=\"column\">\n\t\t\t<div class=\"elementor-widget-wrap\">\n\t\t\t\t\t\t\t<\/div>\n\t\t<\/div>\n\t\t\t\t\t<\/div>\n\t\t<\/section>\n\t\t\t\t<section class=\"elementor-section elementor-top-section elementor-element elementor-element-ae8ce41 elementor-section-boxed elementor-section-height-default elementor-section-height-default\" data-id=\"ae8ce41\" data-element_type=\"section\" data-e-type=\"section\">\n\t\t\t\t\t\t<div class=\"elementor-container elementor-column-gap-default\">\n\t\t\t\t\t<div class=\"elementor-column elementor-col-50 elementor-top-column elementor-element elementor-element-4352dd5\" data-id=\"4352dd5\" data-element_type=\"column\" data-e-type=\"column\">\n\t\t\t<div class=\"elementor-widget-wrap elementor-element-populated\">\n\t\t\t\t\t\t<div class=\"elementor-element elementor-element-f1e5c43 elementor-widget elementor-widget-text-editor\" data-id=\"f1e5c43\" data-element_type=\"widget\" data-e-type=\"widget\" data-widget_type=\"text-editor.default\">\n\t\t\t\t<div class=\"elementor-widget-container\">\n\t\t\t\t\t\t\t\t\t<p>Meist\u00e4 lis\u00e4\u00e4<\/p>\t\t\t\t\t\t\t\t<\/div>\n\t\t\t\t<\/div>\n\t\t\t\t<div class=\"elementor-element elementor-element-f514188 elementor-widget elementor-widget-heading\" data-id=\"f514188\" data-element_type=\"widget\" data-e-type=\"widget\" data-widget_type=\"heading.default\">\n\t\t\t\t<div class=\"elementor-widget-container\">\n\t\t\t\t\t<h4 class=\"elementor-heading-title elementor-size-default\">Strategiaa ja seikkailua\u2122 ei j\u00e4t\u00e4 ket\u00e4\u00e4n kylm\u00e4ksi.<\/h4>\t\t\t\t<\/div>\n\t\t\t\t<\/div>\n\t\t\t\t<div class=\"elementor-element elementor-element-2281324 elementor-widget elementor-widget-text-editor\" data-id=\"2281324\" data-element_type=\"widget\" data-e-type=\"widget\" data-widget_type=\"text-editor.default\">\n\t\t\t\t<div class=\"elementor-widget-container\">\n\t\t\t\t\t\t\t\t\t<p>Turvallisuus-, ty\u00f6hyvinvointi- ja muutosjohtamisen konsultti, Anna Vaihinen sek\u00e4 el\u00e4mysopas Pasi Vesterinen vie teid\u00e4nkin johtoryhm\u00e4n el\u00e4mykselliselle ja juuri teille r\u00e4\u00e4t\u00e4l\u00f6idylle matkalle mik\u00e4 muistetaan pitk\u00e4\u00e4n.<\/p>\t\t\t\t\t\t\t\t<\/div>\n\t\t\t\t<\/div>\n\t\t\t\t<div class=\"elementor-element elementor-element-5e38931 elementor-widget elementor-widget-button\" data-id=\"5e38931\" data-element_type=\"widget\" data-e-type=\"widget\" data-widget_type=\"button.default\">\n\t\t\t\t<div class=\"elementor-widget-container\">\n\t\t\t\t\t\t\t\t\t<div class=\"elementor-button-wrapper\">\n\t\t\t\t\t<a class=\"elementor-button elementor-button-link elementor-size-sm\" href=\"#\">\n\t\t\t\t\t\t<span class=\"elementor-button-content-wrapper\">\n\t\t\t\t\t\t\t\t\t<span class=\"elementor-button-text\">Katso lis\u00e4\u00e4...<\/span>\n\t\t\t\t\t<\/span>\n\t\t\t\t\t<\/a>\n\t\t\t\t<\/div>\n\t\t\t\t\t\t\t\t<\/div>\n\t\t\t\t<\/div>\n\t\t\t\t\t<\/div>\n\t\t<\/div>\n\t\t\t\t<div class=\"elementor-column elementor-col-50 elementor-top-column elementor-element elementor-element-0ec8b6e elementor-hidden-mobile\" data-id=\"0ec8b6e\" data-element_type=\"column\" data-e-type=\"column\">\n\t\t\t<div class=\"elementor-widget-wrap elementor-element-populated\">\n\t\t\t\t\t\t<div class=\"elementor-element elementor-element-8869c3b elementor-widget elementor-widget-image\" data-id=\"8869c3b\" data-element_type=\"widget\" data-e-type=\"widget\" data-widget_type=\"image.default\">\n\t\t\t\t<div class=\"elementor-widget-container\">\n\t\t\t\t\t\t\t\t\t\t\t\t\t\t\t<img loading=\"lazy\" decoding=\"async\" width=\"470\" height=\"569\" src=\"https:\/\/strategiaajaseikkailua.fi\/wp-content\/uploads\/2023\/03\/strategiaa_anna_vaihinen_2.jpg\" class=\"attachment-full size-full wp-image-1376\" alt=\"\" srcset=\"https:\/\/strategiaajaseikkailua.fi\/wp-content\/uploads\/2023\/03\/strategiaa_anna_vaihinen_2.jpg 470w, https:\/\/strategiaajaseikkailua.fi\/wp-content\/uploads\/2023\/03\/strategiaa_anna_vaihinen_2-248x300.jpg 248w\" sizes=\"(max-width: 470px) 100vw, 470px\" \/>\t\t\t\t\t\t\t\t\t\t\t\t\t\t\t<\/div>\n\t\t\t\t<\/div>\n\t\t\t\t\t<\/div>\n\t\t<\/div>\n\t\t\t\t\t<\/div>\n\t\t<\/section>\n\t\t\t\t<section class=\"elementor-section elementor-top-section elementor-element elementor-element-b991a90 elementor-section-height-min-height elementor-section-content-middle elementor-section-boxed elementor-section-height-default elementor-section-items-middle\" data-id=\"b991a90\" data-element_type=\"section\" data-e-type=\"section\" data-settings=\"{&quot;background_background&quot;:&quot;classic&quot;}\">\n\t\t\t\t\t\t<div class=\"elementor-container elementor-column-gap-default\">\n\t\t\t\t\t<div class=\"elementor-column elementor-col-100 elementor-top-column elementor-element elementor-element-47e5172\" data-id=\"47e5172\" data-element_type=\"column\" data-e-type=\"column\">\n\t\t\t<div class=\"elementor-widget-wrap elementor-element-populated\">\n\t\t\t\t\t\t<div class=\"elementor-element elementor-element-7d508b6 elementor-widget elementor-widget-heading\" data-id=\"7d508b6\" data-element_type=\"widget\" data-e-type=\"widget\" data-widget_type=\"heading.default\">\n\t\t\t\t<div class=\"elementor-widget-container\">\n\t\t\t\t\t<h1 class=\"elementor-heading-title elementor-size-default\">KYSYMYKSI\u00c4?<\/h1>\t\t\t\t<\/div>\n\t\t\t\t<\/div>\n\t\t\t\t<div class=\"elementor-element elementor-element-049c21d elementor-widget elementor-widget-text-editor\" data-id=\"049c21d\" data-element_type=\"widget\" data-e-type=\"widget\" data-widget_type=\"text-editor.default\">\n\t\t\t\t<div class=\"elementor-widget-container\">\n\t\t\t\t\t\t\t\t\t<p>Katso useimmin kysytyt kysymykset ja tutustu lis\u00e4\u00e4.\u00a0<\/p><p>Ota yhteytt\u00e4 ja r\u00e4\u00e4t\u00e4l\u00f6imme juuri teille sopivan el\u00e4myksellisen Strategiaa ja seikailua\u2122-p\u00e4iv\u00e4n.\u00a0<\/p>\t\t\t\t\t\t\t\t<\/div>\n\t\t\t\t<\/div>\n\t\t\t\t<div class=\"elementor-element elementor-element-e487c72 elementor-align-center elementor-widget elementor-widget-button\" data-id=\"e487c72\" data-element_type=\"widget\" data-e-type=\"widget\" data-widget_type=\"button.default\">\n\t\t\t\t<div class=\"elementor-widget-container\">\n\t\t\t\t\t\t\t\t\t<div class=\"elementor-button-wrapper\">\n\t\t\t\t\t<a class=\"elementor-button elementor-button-link elementor-size-sm\" href=\"#\">\n\t\t\t\t\t\t<span class=\"elementor-button-content-wrapper\">\n\t\t\t\t\t\t\t\t\t<span class=\"elementor-button-text\">Ota yhteytt\u00e4<\/span>\n\t\t\t\t\t<\/span>\n\t\t\t\t\t<\/a>\n\t\t\t\t<\/div>\n\t\t\t\t\t\t\t\t<\/div>\n\t\t\t\t<\/div>\n\t\t\t\t\t<\/div>\n\t\t<\/div>\n\t\t\t\t\t<\/div>\n\t\t<\/section>\n\t\t\t\t<\/div>\n\t\t","protected":false},"excerpt":{"rendered":"<p>Strategiaa ja seikkailua\u2122 Kehitt\u00e4misp\u00e4ivien kuningas Liiketoiminnan kehitt\u00e4minen ja energisoivien sek\u00e4 el\u00e4myksellisten aktiviteettien yhdist\u00e4minen vie johtoryhm\u00e4n kehitt\u00e4misp\u00e4iv\u00e4n aivan uudelle tasolle. Mist\u00e4 on kysymys? Strategiaa Anna alustaa teid\u00e4t p\u00e4iv\u00e4n teemaan ja opastaa teid\u00e4t ep\u00e4mukavuusalueille uutta oppimaan. Seikkailua Aktiviteetit tukevat saumattomasti p\u00e4iv\u00e4n teemaa ja tuo el\u00e4myksien kautta uusia puolia jokaisesta esiin. Ymp\u00e4rist\u00f6 Luonto ja ulkoilma rauhoittaa mielen ja [&hellip;]<\/p>\n","protected":false},"author":2,"featured_media":0,"parent":0,"menu_order":0,"comment_status":"closed","ping_status":"closed","template":"elementor_header_footer","meta":{"footnotes":""},"class_list":["post-1318","page","type-page","status-publish","hentry"],"_links":{"self":[{"href":"https:\/\/strategiaajaseikkailua.fi\/index.php?rest_route=\/wp\/v2\/pages\/1318","targetHints":{"allow":["GET"]}}],"collection":[{"href":"https:\/\/strategiaajaseikkailua.fi\/index.php?rest_route=\/wp\/v2\/pages"}],"about":[{"href":"https:\/\/strategiaajaseikkailua.fi\/index.php?rest_route=\/wp\/v2\/types\/page"}],"author":[{"embeddable":true,"href":"https:\/\/strategiaajaseikkailua.fi\/index.php?rest_route=\/wp\/v2\/users\/2"}],"replies":[{"embeddable":true,"href":"https:\/\/strategiaajaseikkailua.fi\/index.php?rest_route=%2Fwp%2Fv2%2Fcomments&post=1318"}],"version-history":[{"count":54,"href":"https:\/\/strategiaajaseikkailua.fi\/index.php?rest_route=\/wp\/v2\/pages\/1318\/revisions"}],"predecessor-version":[{"id":1479,"href":"https:\/\/strategiaajaseikkailua.fi\/index.php?rest_route=\/wp\/v2\/pages\/1318\/revisions\/1479"}],"wp:attachment":[{"href":"https:\/\/strategiaajaseikkailua.fi\/index.php?rest_route=%2Fwp%2Fv2%2Fmedia&parent=1318"}],"curies":[{"name":"wp","href":"https:\/\/api.w.org\/{rel}","templated":true}]}}